{"id":169916,"date":"2026-01-27T00:16:16","date_gmt":"2026-01-26T23:16:16","guid":{"rendered":"https:\/\/exelwatches.com\/prodotto\/pasha-mit-natuerlichen-diamanten-nach-mass\/"},"modified":"2026-01-27T00:16:16","modified_gmt":"2026-01-26T23:16:16","slug":"pasha-mit-natuerlichen-diamanten-nach-mass","status":"publish","type":"product","link":"https:\/\/exelwatches.com\/de\/produkt\/pasha-mit-natuerlichen-diamanten-nach-mass\/","title":{"rendered":"PASHA mit nat\u00fcrlichen Diamanten nach Ma\u00df"},"content":{"rendered":"<p>Sehr gut (gebraucht\/leichte Gebrauchsspuren, leichte Kratzer)<\/p>\n","protected":false},"excerpt":{"rendered":"<p>Sehr gut (gebraucht\/leichte Gebrauchsspuren, leichte Kratzer)<\/p>\n","protected":false},"featured_media":169917,"template":"","meta":{"_acf_changed":false,"inline_featured_image":false},"product_brand":[],"product_cat":[799,446],"product_tag":[],"class_list":{"0":"post-169916","1":"product","2":"type-product","3":"status-publish","4":"has-post-thumbnail","6":"product_cat-uhr","7":"product_cat-uhren","8":"pa_garanzia-ufficiale-ja","9":"pa_materiale-cassa-stahl","10":"pa_scatola-originale-ja","11":"pa_tipo-carica-automatisch","12":"pa_tipo-quadrante-grau","13":"brand-cartier-de","14":"model-pascha-de-cartier","16":"first","17":"instock","18":"purchasable","19":"product-type-simple"},"acf":[],"yoast_head":"<!-- This site is optimized with the Yoast SEO plugin v27.3 - https:\/\/yoast.com\/product\/yoast-seo-wordpress\/ -->\n<title>Cartier Pasha Mit Nat\u00fcrlichen Diamanten Nach Ma\u00df 2022 aus stahl - Zifferblatt grau<\/title>\n<meta name=\"description\" content=\"Cartier Pasha Mit Nat\u00fcrlichen Diamanten Nach Ma\u00df aus stahl, (Ref. WSPA0026-744137AX), Zifferblatt grau, Uhrwerk automatisch, Jahr 2022, mit Originalbox und mit offizieller Garantie\" \/>\n<meta name=\"robots\" content=\"index, follow, max-snippet:-1, max-image-preview:large, max-video-preview:-1\" \/>\n<link rel=\"canonical\" href=\"https:\/\/exelwatches.com\/de\/produkt\/pasha-mit-natuerlichen-diamanten-nach-mass\/\" \/>\n<meta property=\"og:locale\" content=\"de_DE\" \/>\n<meta property=\"og:type\" content=\"article\" \/>\n<meta property=\"og:title\" content=\"Cartier Pasha Mit Nat\u00fcrlichen Diamanten Nach Ma\u00df 2022 aus stahl - Zifferblatt grau\" \/>\n<meta property=\"og:description\" content=\"Cartier Pasha Mit Nat\u00fcrlichen Diamanten Nach Ma\u00df aus stahl, (Ref. WSPA0026-744137AX), Zifferblatt grau, Uhrwerk automatisch, Jahr 2022, mit Originalbox und mit offizieller Garantie\" \/>\n<meta property=\"og:url\" content=\"https:\/\/exelwatches.com\/de\/produkt\/pasha-mit-natuerlichen-diamanten-nach-mass\/\" \/>\n<meta property=\"og:site_name\" content=\"Exel Watches\" \/>\n<meta property=\"article:publisher\" content=\"https:\/\/www.facebook.com\/profile.php?id=61566450137992\" \/>\n<meta property=\"og:image\" content=\"https:\/\/exelwatches.com\/wp-content\/uploads\/2026\/01\/EXELWATCHES_CARTIER_WSPA0026-744137AX-01.webp\" \/>\n\t<meta property=\"og:image:width\" content=\"2000\" \/>\n\t<meta property=\"og:image:height\" content=\"2000\" \/>\n\t<meta property=\"og:image:type\" content=\"image\/webp\" \/>\n<meta name=\"twitter:card\" content=\"summary_large_image\" \/>\n<script type=\"application\/ld+json\" class=\"yoast-schema-graph\">{\"@context\":\"https:\\\/\\\/schema.org\",\"@graph\":[{\"@type\":\"WebPage\",\"@id\":\"https:\\\/\\\/exelwatches.com\\\/de\\\/produkt\\\/pasha-mit-natuerlichen-diamanten-nach-mass\\\/\",\"url\":\"https:\\\/\\\/exelwatches.com\\\/de\\\/produkt\\\/pasha-mit-natuerlichen-diamanten-nach-mass\\\/\",\"name\":\"Cartier Pasha Mit Nat\u00fcrlichen Diamanten Nach Ma\u00df 2022 aus stahl - Zifferblatt grau\",\"isPartOf\":{\"@id\":\"https:\\\/\\\/exelwatches.com\\\/de\\\/#website\"},\"primaryImageOfPage\":{\"@id\":\"https:\\\/\\\/exelwatches.com\\\/de\\\/produkt\\\/pasha-mit-natuerlichen-diamanten-nach-mass\\\/#primaryimage\"},\"image\":{\"@id\":\"https:\\\/\\\/exelwatches.com\\\/de\\\/produkt\\\/pasha-mit-natuerlichen-diamanten-nach-mass\\\/#primaryimage\"},\"thumbnailUrl\":\"https:\\\/\\\/exelwatches.com\\\/wp-content\\\/uploads\\\/2026\\\/01\\\/EXELWATCHES_CARTIER_WSPA0026-744137AX-01.webp\",\"datePublished\":\"2026-01-26T23:16:16+00:00\",\"description\":\"Cartier Pasha Mit Nat\u00fcrlichen Diamanten Nach Ma\u00df aus stahl, (Ref. WSPA0026-744137AX), Zifferblatt grau, Uhrwerk automatisch, Jahr 2022, mit Originalbox und mit offizieller Garantie\",\"breadcrumb\":{\"@id\":\"https:\\\/\\\/exelwatches.com\\\/de\\\/produkt\\\/pasha-mit-natuerlichen-diamanten-nach-mass\\\/#breadcrumb\"},\"inLanguage\":\"de\",\"potentialAction\":[{\"@type\":\"ReadAction\",\"target\":[\"https:\\\/\\\/exelwatches.com\\\/de\\\/produkt\\\/pasha-mit-natuerlichen-diamanten-nach-mass\\\/\"]}]},{\"@type\":\"ImageObject\",\"inLanguage\":\"de\",\"@id\":\"https:\\\/\\\/exelwatches.com\\\/de\\\/produkt\\\/pasha-mit-natuerlichen-diamanten-nach-mass\\\/#primaryimage\",\"url\":\"https:\\\/\\\/exelwatches.com\\\/wp-content\\\/uploads\\\/2026\\\/01\\\/EXELWATCHES_CARTIER_WSPA0026-744137AX-01.webp\",\"contentUrl\":\"https:\\\/\\\/exelwatches.com\\\/wp-content\\\/uploads\\\/2026\\\/01\\\/EXELWATCHES_CARTIER_WSPA0026-744137AX-01.webp\",\"width\":2000,\"height\":2000},{\"@type\":\"BreadcrumbList\",\"@id\":\"https:\\\/\\\/exelwatches.com\\\/de\\\/produkt\\\/pasha-mit-natuerlichen-diamanten-nach-mass\\\/#breadcrumb\",\"itemListElement\":[{\"@type\":\"ListItem\",\"position\":1,\"name\":\"Home\",\"item\":\"https:\\\/\\\/exelwatches.com\\\/de\\\/homepage\\\/\"},{\"@type\":\"ListItem\",\"position\":2,\"name\":\"Shop\",\"item\":\"https:\\\/\\\/exelwatches.com\\\/de\\\/shop\\\/\"},{\"@type\":\"ListItem\",\"position\":3,\"name\":\"PASHA mit nat\u00fcrlichen Diamanten nach Ma\u00df\"}]},{\"@type\":\"WebSite\",\"@id\":\"https:\\\/\\\/exelwatches.com\\\/de\\\/#website\",\"url\":\"https:\\\/\\\/exelwatches.com\\\/de\\\/\",\"name\":\"Exel Watches\",\"description\":\"\",\"publisher\":{\"@id\":\"https:\\\/\\\/exelwatches.com\\\/de\\\/#organization\"},\"potentialAction\":[{\"@type\":\"SearchAction\",\"target\":{\"@type\":\"EntryPoint\",\"urlTemplate\":\"https:\\\/\\\/exelwatches.com\\\/de\\\/?s={search_term_string}\"},\"query-input\":{\"@type\":\"PropertyValueSpecification\",\"valueRequired\":true,\"valueName\":\"search_term_string\"}}],\"inLanguage\":\"de\"},{\"@type\":\"Organization\",\"@id\":\"https:\\\/\\\/exelwatches.com\\\/de\\\/#organization\",\"name\":\"Exel Watches\",\"url\":\"https:\\\/\\\/exelwatches.com\\\/de\\\/\",\"logo\":{\"@type\":\"ImageObject\",\"inLanguage\":\"de\",\"@id\":\"https:\\\/\\\/exelwatches.com\\\/de\\\/#\\\/schema\\\/logo\\\/image\\\/\",\"url\":\"https:\\\/\\\/exelwatches.com\\\/wp-content\\\/uploads\\\/2024\\\/12\\\/logo-exel.png\",\"contentUrl\":\"https:\\\/\\\/exelwatches.com\\\/wp-content\\\/uploads\\\/2024\\\/12\\\/logo-exel.png\",\"width\":1500,\"height\":1222,\"caption\":\"Exel Watches\"},\"image\":{\"@id\":\"https:\\\/\\\/exelwatches.com\\\/de\\\/#\\\/schema\\\/logo\\\/image\\\/\"},\"sameAs\":[\"https:\\\/\\\/www.facebook.com\\\/profile.php?id=61566450137992\",\"https:\\\/\\\/www.instagram.com\\\/exelwatches\\\/\"]}]}<\/script>\n<!-- \/ Yoast SEO plugin. -->","yoast_head_json":{"title":"Cartier Pasha Mit Nat\u00fcrlichen Diamanten Nach Ma\u00df 2022 aus stahl - Zifferblatt grau","description":"Cartier Pasha Mit Nat\u00fcrlichen Diamanten Nach Ma\u00df aus stahl, (Ref. WSPA0026-744137AX), Zifferblatt grau, Uhrwerk automatisch, Jahr 2022, mit Originalbox und mit offizieller Garantie","robots":{"index":"index","follow":"follow","max-snippet":"max-snippet:-1","max-image-preview":"max-image-preview:large","max-video-preview":"max-video-preview:-1"},"canonical":"https:\/\/exelwatches.com\/de\/produkt\/pasha-mit-natuerlichen-diamanten-nach-mass\/","og_locale":"de_DE","og_type":"article","og_title":"Cartier Pasha Mit Nat\u00fcrlichen Diamanten Nach Ma\u00df 2022 aus stahl - Zifferblatt grau","og_description":"Cartier Pasha Mit Nat\u00fcrlichen Diamanten Nach Ma\u00df aus stahl, (Ref. WSPA0026-744137AX), Zifferblatt grau, Uhrwerk automatisch, Jahr 2022, mit Originalbox und mit offizieller Garantie","og_url":"https:\/\/exelwatches.com\/de\/produkt\/pasha-mit-natuerlichen-diamanten-nach-mass\/","og_site_name":"Exel Watches","article_publisher":"https:\/\/www.facebook.com\/profile.php?id=61566450137992","og_image":[{"width":2000,"height":2000,"url":"https:\/\/exelwatches.com\/wp-content\/uploads\/2026\/01\/EXELWATCHES_CARTIER_WSPA0026-744137AX-01.webp","type":"image\/webp"}],"twitter_card":"summary_large_image","schema":{"@context":"https:\/\/schema.org","@graph":[{"@type":"WebPage","@id":"https:\/\/exelwatches.com\/de\/produkt\/pasha-mit-natuerlichen-diamanten-nach-mass\/","url":"https:\/\/exelwatches.com\/de\/produkt\/pasha-mit-natuerlichen-diamanten-nach-mass\/","name":"Cartier Pasha Mit Nat\u00fcrlichen Diamanten Nach Ma\u00df 2022 aus stahl - Zifferblatt grau","isPartOf":{"@id":"https:\/\/exelwatches.com\/de\/#website"},"primaryImageOfPage":{"@id":"https:\/\/exelwatches.com\/de\/produkt\/pasha-mit-natuerlichen-diamanten-nach-mass\/#primaryimage"},"image":{"@id":"https:\/\/exelwatches.com\/de\/produkt\/pasha-mit-natuerlichen-diamanten-nach-mass\/#primaryimage"},"thumbnailUrl":"https:\/\/exelwatches.com\/wp-content\/uploads\/2026\/01\/EXELWATCHES_CARTIER_WSPA0026-744137AX-01.webp","datePublished":"2026-01-26T23:16:16+00:00","description":"Cartier Pasha Mit Nat\u00fcrlichen Diamanten Nach Ma\u00df aus stahl, (Ref. WSPA0026-744137AX), Zifferblatt grau, Uhrwerk automatisch, Jahr 2022, mit Originalbox und mit offizieller Garantie","breadcrumb":{"@id":"https:\/\/exelwatches.com\/de\/produkt\/pasha-mit-natuerlichen-diamanten-nach-mass\/#breadcrumb"},"inLanguage":"de","potentialAction":[{"@type":"ReadAction","target":["https:\/\/exelwatches.com\/de\/produkt\/pasha-mit-natuerlichen-diamanten-nach-mass\/"]}]},{"@type":"ImageObject","inLanguage":"de","@id":"https:\/\/exelwatches.com\/de\/produkt\/pasha-mit-natuerlichen-diamanten-nach-mass\/#primaryimage","url":"https:\/\/exelwatches.com\/wp-content\/uploads\/2026\/01\/EXELWATCHES_CARTIER_WSPA0026-744137AX-01.webp","contentUrl":"https:\/\/exelwatches.com\/wp-content\/uploads\/2026\/01\/EXELWATCHES_CARTIER_WSPA0026-744137AX-01.webp","width":2000,"height":2000},{"@type":"BreadcrumbList","@id":"https:\/\/exelwatches.com\/de\/produkt\/pasha-mit-natuerlichen-diamanten-nach-mass\/#breadcrumb","itemListElement":[{"@type":"ListItem","position":1,"name":"Home","item":"https:\/\/exelwatches.com\/de\/homepage\/"},{"@type":"ListItem","position":2,"name":"Shop","item":"https:\/\/exelwatches.com\/de\/shop\/"},{"@type":"ListItem","position":3,"name":"PASHA mit nat\u00fcrlichen Diamanten nach Ma\u00df"}]},{"@type":"WebSite","@id":"https:\/\/exelwatches.com\/de\/#website","url":"https:\/\/exelwatches.com\/de\/","name":"Exel Watches","description":"","publisher":{"@id":"https:\/\/exelwatches.com\/de\/#organization"},"potentialAction":[{"@type":"SearchAction","target":{"@type":"EntryPoint","urlTemplate":"https:\/\/exelwatches.com\/de\/?s={search_term_string}"},"query-input":{"@type":"PropertyValueSpecification","valueRequired":true,"valueName":"search_term_string"}}],"inLanguage":"de"},{"@type":"Organization","@id":"https:\/\/exelwatches.com\/de\/#organization","name":"Exel Watches","url":"https:\/\/exelwatches.com\/de\/","logo":{"@type":"ImageObject","inLanguage":"de","@id":"https:\/\/exelwatches.com\/de\/#\/schema\/logo\/image\/","url":"https:\/\/exelwatches.com\/wp-content\/uploads\/2024\/12\/logo-exel.png","contentUrl":"https:\/\/exelwatches.com\/wp-content\/uploads\/2024\/12\/logo-exel.png","width":1500,"height":1222,"caption":"Exel Watches"},"image":{"@id":"https:\/\/exelwatches.com\/de\/#\/schema\/logo\/image\/"},"sameAs":["https:\/\/www.facebook.com\/profile.php?id=61566450137992","https:\/\/www.instagram.com\/exelwatches\/"]}]}},"custom_brand":[{"id":403,"name":"Cartier","slug":"cartier-de"}],"custom_warehouse":"san-marino","_links":{"self":[{"href":"https:\/\/exelwatches.com\/de\/wp-json\/wp\/v2\/product\/169916","targetHints":{"allow":["GET"]}}],"collection":[{"href":"https:\/\/exelwatches.com\/de\/wp-json\/wp\/v2\/product"}],"about":[{"href":"https:\/\/exelwatches.com\/de\/wp-json\/wp\/v2\/types\/product"}],"wp:featuredmedia":[{"embeddable":true,"href":"https:\/\/exelwatches.com\/de\/wp-json\/wp\/v2\/media\/169917"}],"wp:attachment":[{"href":"https:\/\/exelwatches.com\/de\/wp-json\/wp\/v2\/media?parent=169916"}],"wp:term":[{"taxonomy":"product_brand","embeddable":true,"href":"https:\/\/exelwatches.com\/de\/wp-json\/wp\/v2\/product_brand?post=169916"},{"taxonomy":"product_cat","embeddable":true,"href":"https:\/\/exelwatches.com\/de\/wp-json\/wp\/v2\/product_cat?post=169916"},{"taxonomy":"product_tag","embeddable":true,"href":"https:\/\/exelwatches.com\/de\/wp-json\/wp\/v2\/product_tag?post=169916"}],"curies":[{"name":"wp","href":"https:\/\/api.w.org\/{rel}","templated":true}]}}