{"id":110904,"date":"2025-07-16T18:27:20","date_gmt":"2025-07-16T16:27:20","guid":{"rendered":"https:\/\/exelwatches.com\/prodotto\/ballon-bleu-11\/"},"modified":"2026-04-13T11:26:01","modified_gmt":"2026-04-13T09:26:01","slug":"ballon-bleu-11","status":"publish","type":"product","link":"https:\/\/exelwatches.com\/fr\/prodotto\/ballon-bleu-11\/","title":{"rendered":"Ballon Bleu"},"content":{"rendered":"<p>Tr\u00e8s bon (utilis\u00e9\/l\u00e9gers signes d&rsquo;usure et de d\u00e9chirure, l\u00e9g\u00e8res rayures)<\/p>\n","protected":false},"excerpt":{"rendered":"<p>Tr\u00e8s bon (utilis\u00e9\/l\u00e9gers signes d&rsquo;usure et de d\u00e9chirure, l\u00e9g\u00e8res rayures)<\/p>\n","protected":false},"featured_media":110849,"template":"","meta":{"_acf_changed":false,"inline_featured_image":false},"product_brand":[],"product_cat":[],"product_tag":[],"class_list":{"0":"post-110904","1":"product","2":"type-product","3":"status-publish","4":"has-post-thumbnail","7":"first","8":"instock","9":"purchasable","10":"product-type-simple"},"acf":[],"yoast_head":"<!-- This site is optimized with the Yoast SEO plugin v27.3 - https:\/\/yoast.com\/product\/yoast-seo-wordpress\/ -->\n<title>Ballon Bleu | Exel Watches - 38<\/title>\n<meta name=\"description\" content=\"Ballon Bleu, (Ref. WSBB0025-428613YX)\" \/>\n<meta name=\"robots\" content=\"index, follow, max-snippet:-1, max-image-preview:large, max-video-preview:-1\" \/>\n<link rel=\"canonical\" href=\"https:\/\/exelwatches.com\/fr\/prodotto\/ballon-bleu-11\/\" \/>\n<meta property=\"og:locale\" content=\"fr_FR\" \/>\n<meta property=\"og:type\" content=\"article\" \/>\n<meta property=\"og:title\" content=\"Ballon Bleu | Exel Watches - 38\" \/>\n<meta property=\"og:description\" content=\"Ballon Bleu, (Ref. WSBB0025-428613YX)\" \/>\n<meta property=\"og:url\" content=\"https:\/\/exelwatches.com\/fr\/prodotto\/ballon-bleu-11\/\" \/>\n<meta property=\"og:site_name\" content=\"Exel Watches\" \/>\n<meta property=\"article:publisher\" content=\"https:\/\/www.facebook.com\/profile.php?id=61566450137992\" \/>\n<meta property=\"article:modified_time\" content=\"2026-04-13T09:26:01+00:00\" \/>\n<meta property=\"og:image\" content=\"https:\/\/exelwatches.com\/wp-content\/uploads\/2025\/07\/EXELWATCHES_CARTIER_WSBB0025-428613YX-01.jpg\" \/>\n\t<meta property=\"og:image:width\" content=\"1280\" \/>\n\t<meta property=\"og:image:height\" content=\"1280\" \/>\n\t<meta property=\"og:image:type\" content=\"image\/jpeg\" \/>\n<meta name=\"twitter:card\" content=\"summary_large_image\" \/>\n<meta name=\"twitter:label1\" content=\"Dur\u00e9e de lecture estim\u00e9e\" \/>\n\t<meta name=\"twitter:data1\" content=\"1 minute\" \/>\n<script type=\"application\/ld+json\" class=\"yoast-schema-graph\">{\"@context\":\"https:\\\/\\\/schema.org\",\"@graph\":[{\"@type\":\"WebPage\",\"@id\":\"https:\\\/\\\/exelwatches.com\\\/fr\\\/prodotto\\\/ballon-bleu-11\\\/\",\"url\":\"https:\\\/\\\/exelwatches.com\\\/fr\\\/prodotto\\\/ballon-bleu-11\\\/\",\"name\":\"Ballon Bleu | Exel Watches - 38\",\"isPartOf\":{\"@id\":\"https:\\\/\\\/exelwatches.com\\\/fr\\\/#website\"},\"primaryImageOfPage\":{\"@id\":\"https:\\\/\\\/exelwatches.com\\\/fr\\\/prodotto\\\/ballon-bleu-11\\\/#primaryimage\"},\"image\":{\"@id\":\"https:\\\/\\\/exelwatches.com\\\/fr\\\/prodotto\\\/ballon-bleu-11\\\/#primaryimage\"},\"thumbnailUrl\":\"https:\\\/\\\/exelwatches.com\\\/wp-content\\\/uploads\\\/2025\\\/07\\\/EXELWATCHES_CARTIER_WSBB0025-428613YX-01.jpg\",\"datePublished\":\"2025-07-16T16:27:20+00:00\",\"dateModified\":\"2026-04-13T09:26:01+00:00\",\"description\":\"Ballon Bleu, (Ref. WSBB0025-428613YX)\",\"breadcrumb\":{\"@id\":\"https:\\\/\\\/exelwatches.com\\\/fr\\\/prodotto\\\/ballon-bleu-11\\\/#breadcrumb\"},\"inLanguage\":\"fr-FR\",\"potentialAction\":[{\"@type\":\"ReadAction\",\"target\":[\"https:\\\/\\\/exelwatches.com\\\/fr\\\/prodotto\\\/ballon-bleu-11\\\/\"]}]},{\"@type\":\"ImageObject\",\"inLanguage\":\"fr-FR\",\"@id\":\"https:\\\/\\\/exelwatches.com\\\/fr\\\/prodotto\\\/ballon-bleu-11\\\/#primaryimage\",\"url\":\"https:\\\/\\\/exelwatches.com\\\/wp-content\\\/uploads\\\/2025\\\/07\\\/EXELWATCHES_CARTIER_WSBB0025-428613YX-01.jpg\",\"contentUrl\":\"https:\\\/\\\/exelwatches.com\\\/wp-content\\\/uploads\\\/2025\\\/07\\\/EXELWATCHES_CARTIER_WSBB0025-428613YX-01.jpg\",\"width\":1280,\"height\":1280},{\"@type\":\"BreadcrumbList\",\"@id\":\"https:\\\/\\\/exelwatches.com\\\/fr\\\/prodotto\\\/ballon-bleu-11\\\/#breadcrumb\",\"itemListElement\":[{\"@type\":\"ListItem\",\"position\":1,\"name\":\"Home\",\"item\":\"https:\\\/\\\/exelwatches.com\\\/fr\\\/\"},{\"@type\":\"ListItem\",\"position\":2,\"name\":\"Boutique\",\"item\":\"https:\\\/\\\/exelwatches.com\\\/fr\\\/boutique\\\/\"},{\"@type\":\"ListItem\",\"position\":3,\"name\":\"Ballon Bleu\"}]},{\"@type\":\"WebSite\",\"@id\":\"https:\\\/\\\/exelwatches.com\\\/fr\\\/#website\",\"url\":\"https:\\\/\\\/exelwatches.com\\\/fr\\\/\",\"name\":\"Exel Watches\",\"description\":\"\",\"publisher\":{\"@id\":\"https:\\\/\\\/exelwatches.com\\\/fr\\\/#organization\"},\"potentialAction\":[{\"@type\":\"SearchAction\",\"target\":{\"@type\":\"EntryPoint\",\"urlTemplate\":\"https:\\\/\\\/exelwatches.com\\\/fr\\\/?s={search_term_string}\"},\"query-input\":{\"@type\":\"PropertyValueSpecification\",\"valueRequired\":true,\"valueName\":\"search_term_string\"}}],\"inLanguage\":\"fr-FR\"},{\"@type\":\"Organization\",\"@id\":\"https:\\\/\\\/exelwatches.com\\\/fr\\\/#organization\",\"name\":\"Exel Watches\",\"url\":\"https:\\\/\\\/exelwatches.com\\\/fr\\\/\",\"logo\":{\"@type\":\"ImageObject\",\"inLanguage\":\"fr-FR\",\"@id\":\"https:\\\/\\\/exelwatches.com\\\/fr\\\/#\\\/schema\\\/logo\\\/image\\\/\",\"url\":\"https:\\\/\\\/exelwatches.com\\\/wp-content\\\/uploads\\\/2024\\\/12\\\/logo-exel.png\",\"contentUrl\":\"https:\\\/\\\/exelwatches.com\\\/wp-content\\\/uploads\\\/2024\\\/12\\\/logo-exel.png\",\"width\":1500,\"height\":1222,\"caption\":\"Exel Watches\"},\"image\":{\"@id\":\"https:\\\/\\\/exelwatches.com\\\/fr\\\/#\\\/schema\\\/logo\\\/image\\\/\"},\"sameAs\":[\"https:\\\/\\\/www.facebook.com\\\/profile.php?id=61566450137992\",\"https:\\\/\\\/www.instagram.com\\\/exelwatches\\\/\"]}]}<\/script>\n<!-- \/ Yoast SEO plugin. -->","yoast_head_json":{"title":"Ballon Bleu | Exel Watches - 38","description":"Ballon Bleu, (Ref. WSBB0025-428613YX)","robots":{"index":"index","follow":"follow","max-snippet":"max-snippet:-1","max-image-preview":"max-image-preview:large","max-video-preview":"max-video-preview:-1"},"canonical":"https:\/\/exelwatches.com\/fr\/prodotto\/ballon-bleu-11\/","og_locale":"fr_FR","og_type":"article","og_title":"Ballon Bleu | Exel Watches - 38","og_description":"Ballon Bleu, (Ref. WSBB0025-428613YX)","og_url":"https:\/\/exelwatches.com\/fr\/prodotto\/ballon-bleu-11\/","og_site_name":"Exel Watches","article_publisher":"https:\/\/www.facebook.com\/profile.php?id=61566450137992","article_modified_time":"2026-04-13T09:26:01+00:00","og_image":[{"width":1280,"height":1280,"url":"https:\/\/exelwatches.com\/wp-content\/uploads\/2025\/07\/EXELWATCHES_CARTIER_WSBB0025-428613YX-01.jpg","type":"image\/jpeg"}],"twitter_card":"summary_large_image","twitter_misc":{"Dur\u00e9e de lecture estim\u00e9e":"1 minute"},"schema":{"@context":"https:\/\/schema.org","@graph":[{"@type":"WebPage","@id":"https:\/\/exelwatches.com\/fr\/prodotto\/ballon-bleu-11\/","url":"https:\/\/exelwatches.com\/fr\/prodotto\/ballon-bleu-11\/","name":"Ballon Bleu | Exel Watches - 38","isPartOf":{"@id":"https:\/\/exelwatches.com\/fr\/#website"},"primaryImageOfPage":{"@id":"https:\/\/exelwatches.com\/fr\/prodotto\/ballon-bleu-11\/#primaryimage"},"image":{"@id":"https:\/\/exelwatches.com\/fr\/prodotto\/ballon-bleu-11\/#primaryimage"},"thumbnailUrl":"https:\/\/exelwatches.com\/wp-content\/uploads\/2025\/07\/EXELWATCHES_CARTIER_WSBB0025-428613YX-01.jpg","datePublished":"2025-07-16T16:27:20+00:00","dateModified":"2026-04-13T09:26:01+00:00","description":"Ballon Bleu, (Ref. WSBB0025-428613YX)","breadcrumb":{"@id":"https:\/\/exelwatches.com\/fr\/prodotto\/ballon-bleu-11\/#breadcrumb"},"inLanguage":"fr-FR","potentialAction":[{"@type":"ReadAction","target":["https:\/\/exelwatches.com\/fr\/prodotto\/ballon-bleu-11\/"]}]},{"@type":"ImageObject","inLanguage":"fr-FR","@id":"https:\/\/exelwatches.com\/fr\/prodotto\/ballon-bleu-11\/#primaryimage","url":"https:\/\/exelwatches.com\/wp-content\/uploads\/2025\/07\/EXELWATCHES_CARTIER_WSBB0025-428613YX-01.jpg","contentUrl":"https:\/\/exelwatches.com\/wp-content\/uploads\/2025\/07\/EXELWATCHES_CARTIER_WSBB0025-428613YX-01.jpg","width":1280,"height":1280},{"@type":"BreadcrumbList","@id":"https:\/\/exelwatches.com\/fr\/prodotto\/ballon-bleu-11\/#breadcrumb","itemListElement":[{"@type":"ListItem","position":1,"name":"Home","item":"https:\/\/exelwatches.com\/fr\/"},{"@type":"ListItem","position":2,"name":"Boutique","item":"https:\/\/exelwatches.com\/fr\/boutique\/"},{"@type":"ListItem","position":3,"name":"Ballon Bleu"}]},{"@type":"WebSite","@id":"https:\/\/exelwatches.com\/fr\/#website","url":"https:\/\/exelwatches.com\/fr\/","name":"Exel Watches","description":"","publisher":{"@id":"https:\/\/exelwatches.com\/fr\/#organization"},"potentialAction":[{"@type":"SearchAction","target":{"@type":"EntryPoint","urlTemplate":"https:\/\/exelwatches.com\/fr\/?s={search_term_string}"},"query-input":{"@type":"PropertyValueSpecification","valueRequired":true,"valueName":"search_term_string"}}],"inLanguage":"fr-FR"},{"@type":"Organization","@id":"https:\/\/exelwatches.com\/fr\/#organization","name":"Exel Watches","url":"https:\/\/exelwatches.com\/fr\/","logo":{"@type":"ImageObject","inLanguage":"fr-FR","@id":"https:\/\/exelwatches.com\/fr\/#\/schema\/logo\/image\/","url":"https:\/\/exelwatches.com\/wp-content\/uploads\/2024\/12\/logo-exel.png","contentUrl":"https:\/\/exelwatches.com\/wp-content\/uploads\/2024\/12\/logo-exel.png","width":1500,"height":1222,"caption":"Exel Watches"},"image":{"@id":"https:\/\/exelwatches.com\/fr\/#\/schema\/logo\/image\/"},"sameAs":["https:\/\/www.facebook.com\/profile.php?id=61566450137992","https:\/\/www.instagram.com\/exelwatches\/"]}]}},"custom_brand":[],"custom_warehouse":"switzerland","_links":{"self":[{"href":"https:\/\/exelwatches.com\/fr\/wp-json\/wp\/v2\/product\/110904","targetHints":{"allow":["GET"]}}],"collection":[{"href":"https:\/\/exelwatches.com\/fr\/wp-json\/wp\/v2\/product"}],"about":[{"href":"https:\/\/exelwatches.com\/fr\/wp-json\/wp\/v2\/types\/product"}],"wp:featuredmedia":[{"embeddable":true,"href":"https:\/\/exelwatches.com\/fr\/wp-json\/wp\/v2\/media\/110849"}],"wp:attachment":[{"href":"https:\/\/exelwatches.com\/fr\/wp-json\/wp\/v2\/media?parent=110904"}],"wp:term":[{"taxonomy":"product_brand","embeddable":true,"href":"https:\/\/exelwatches.com\/fr\/wp-json\/wp\/v2\/product_brand?post=110904"},{"taxonomy":"product_cat","embeddable":true,"href":"https:\/\/exelwatches.com\/fr\/wp-json\/wp\/v2\/product_cat?post=110904"},{"taxonomy":"product_tag","embeddable":true,"href":"https:\/\/exelwatches.com\/fr\/wp-json\/wp\/v2\/product_tag?post=110904"}],"curies":[{"name":"wp","href":"https:\/\/api.w.org\/{rel}","templated":true}]}}