{"id":189663,"date":"2026-03-11T12:21:19","date_gmt":"2026-03-11T11:21:19","guid":{"rendered":"https:\/\/exelwatches.com\/prodotto\/pelagos\/"},"modified":"2026-03-11T12:21:19","modified_gmt":"2026-03-11T11:21:19","slug":"pelagos","status":"publish","type":"product","link":"https:\/\/exelwatches.com\/fr\/prodotto\/pelagos\/","title":{"rendered":"P\u00e9lagos"},"content":{"rendered":"<p>Tr\u00e8s bon (utilis\u00e9\/l\u00e9gers signes d&rsquo;usure et de d\u00e9chirure, l\u00e9g\u00e8res rayures)<\/p>\n","protected":false},"excerpt":{"rendered":"<p>Tr\u00e8s bon (utilis\u00e9\/l\u00e9gers signes d&rsquo;usure et de d\u00e9chirure, l\u00e9g\u00e8res rayures)<\/p>\n","protected":false},"featured_media":189664,"template":"","meta":{"_acf_changed":false,"inline_featured_image":false},"product_brand":[],"product_cat":[1508,1507],"product_tag":[],"class_list":{"0":"post-189663","1":"product","2":"type-product","3":"status-publish","4":"has-post-thumbnail","6":"product_cat-horloge","7":"product_cat-montres","8":"pa_garanzia-ufficiale-oui","9":"pa_materiale-cassa-titane","10":"pa_scatola-originale-oui","11":"pa_tipo-carica-automatique","12":"pa_tipo-quadrante-bleu","13":"brand-tudor-fr","14":"model-pelagos","16":"first","17":"instock","18":"purchasable","19":"product-type-simple"},"acf":[],"yoast_head":"<!-- This site is optimized with the Yoast SEO plugin v27.2 - https:\/\/yoast.com\/product\/yoast-seo-wordpress\/ -->\n<title>Tudor P\u00e9lagos 2020 en titane - cadran bleu | Exel Watches - 3<\/title>\n<meta name=\"description\" content=\"Tudor P\u00e9lagos en titane, (Ref. 25600TB-I922527), cadran bleu, mouvement automatique, ann\u00e9e 2020, avec bo\u00eete originale et avec garantie officielle\" \/>\n<meta name=\"robots\" content=\"index, follow, max-snippet:-1, max-image-preview:large, max-video-preview:-1\" \/>\n<link rel=\"canonical\" href=\"https:\/\/exelwatches.com\/fr\/prodotto\/pelagos\/\" \/>\n<meta property=\"og:locale\" content=\"fr_FR\" \/>\n<meta property=\"og:type\" content=\"article\" \/>\n<meta property=\"og:title\" content=\"Tudor P\u00e9lagos 2020 en titane - cadran bleu | Exel Watches - 3\" \/>\n<meta property=\"og:description\" content=\"Tudor P\u00e9lagos en titane, (Ref. 25600TB-I922527), cadran bleu, mouvement automatique, ann\u00e9e 2020, avec bo\u00eete originale et avec garantie officielle\" \/>\n<meta property=\"og:url\" content=\"https:\/\/exelwatches.com\/fr\/prodotto\/pelagos\/\" \/>\n<meta property=\"og:site_name\" content=\"Exel Watches\" \/>\n<meta property=\"article:publisher\" content=\"https:\/\/www.facebook.com\/profile.php?id=61566450137992\" \/>\n<meta property=\"og:image\" content=\"https:\/\/exelwatches.com\/wp-content\/uploads\/2026\/03\/EXELWATCHES_TUDOR_25600TB-I922527-01.webp\" \/>\n\t<meta property=\"og:image:width\" content=\"2000\" \/>\n\t<meta property=\"og:image:height\" content=\"2000\" \/>\n\t<meta property=\"og:image:type\" content=\"image\/webp\" \/>\n<meta name=\"twitter:card\" content=\"summary_large_image\" \/>\n<script type=\"application\/ld+json\" class=\"yoast-schema-graph\">{\"@context\":\"https:\/\/schema.org\",\"@graph\":[{\"@type\":\"WebPage\",\"@id\":\"https:\/\/exelwatches.com\/fr\/prodotto\/pelagos\/\",\"url\":\"https:\/\/exelwatches.com\/fr\/prodotto\/pelagos\/\",\"name\":\"Tudor P\u00e9lagos 2020 en titane - cadran bleu | Exel Watches - 3\",\"isPartOf\":{\"@id\":\"https:\/\/exelwatches.com\/fr\/#website\"},\"primaryImageOfPage\":{\"@id\":\"https:\/\/exelwatches.com\/fr\/prodotto\/pelagos\/#primaryimage\"},\"image\":{\"@id\":\"https:\/\/exelwatches.com\/fr\/prodotto\/pelagos\/#primaryimage\"},\"thumbnailUrl\":\"https:\/\/exelwatches.com\/wp-content\/uploads\/2026\/03\/EXELWATCHES_TUDOR_25600TB-I922527-01.webp\",\"datePublished\":\"2026-03-11T11:21:19+00:00\",\"description\":\"Tudor P\u00e9lagos en titane, (Ref. 25600TB-I922527), cadran bleu, mouvement automatique, ann\u00e9e 2020, avec bo\u00eete originale et avec garantie officielle\",\"breadcrumb\":{\"@id\":\"https:\/\/exelwatches.com\/fr\/prodotto\/pelagos\/#breadcrumb\"},\"inLanguage\":\"fr-FR\",\"potentialAction\":[{\"@type\":\"ReadAction\",\"target\":[\"https:\/\/exelwatches.com\/fr\/prodotto\/pelagos\/\"]}]},{\"@type\":\"ImageObject\",\"inLanguage\":\"fr-FR\",\"@id\":\"https:\/\/exelwatches.com\/fr\/prodotto\/pelagos\/#primaryimage\",\"url\":\"https:\/\/exelwatches.com\/wp-content\/uploads\/2026\/03\/EXELWATCHES_TUDOR_25600TB-I922527-01.webp\",\"contentUrl\":\"https:\/\/exelwatches.com\/wp-content\/uploads\/2026\/03\/EXELWATCHES_TUDOR_25600TB-I922527-01.webp\",\"width\":2000,\"height\":2000},{\"@type\":\"BreadcrumbList\",\"@id\":\"https:\/\/exelwatches.com\/fr\/prodotto\/pelagos\/#breadcrumb\",\"itemListElement\":[{\"@type\":\"ListItem\",\"position\":1,\"name\":\"Home\",\"item\":\"https:\/\/exelwatches.com\/fr\/\"},{\"@type\":\"ListItem\",\"position\":2,\"name\":\"Boutique\",\"item\":\"https:\/\/exelwatches.com\/fr\/boutique\/\"},{\"@type\":\"ListItem\",\"position\":3,\"name\":\"P\u00e9lagos\"}]},{\"@type\":\"WebSite\",\"@id\":\"https:\/\/exelwatches.com\/fr\/#website\",\"url\":\"https:\/\/exelwatches.com\/fr\/\",\"name\":\"Exel Watches\",\"description\":\"\",\"publisher\":{\"@id\":\"https:\/\/exelwatches.com\/fr\/#organization\"},\"potentialAction\":[{\"@type\":\"SearchAction\",\"target\":{\"@type\":\"EntryPoint\",\"urlTemplate\":\"https:\/\/exelwatches.com\/fr\/?s={search_term_string}\"},\"query-input\":{\"@type\":\"PropertyValueSpecification\",\"valueRequired\":true,\"valueName\":\"search_term_string\"}}],\"inLanguage\":\"fr-FR\"},{\"@type\":\"Organization\",\"@id\":\"https:\/\/exelwatches.com\/fr\/#organization\",\"name\":\"Exel Watches\",\"url\":\"https:\/\/exelwatches.com\/fr\/\",\"logo\":{\"@type\":\"ImageObject\",\"inLanguage\":\"fr-FR\",\"@id\":\"https:\/\/exelwatches.com\/fr\/#\/schema\/logo\/image\/\",\"url\":\"https:\/\/exelwatches.com\/wp-content\/uploads\/2024\/12\/logo-exel.png\",\"contentUrl\":\"https:\/\/exelwatches.com\/wp-content\/uploads\/2024\/12\/logo-exel.png\",\"width\":1500,\"height\":1222,\"caption\":\"Exel Watches\"},\"image\":{\"@id\":\"https:\/\/exelwatches.com\/fr\/#\/schema\/logo\/image\/\"},\"sameAs\":[\"https:\/\/www.facebook.com\/profile.php?id=61566450137992\",\"https:\/\/www.instagram.com\/exelwatches\/\"]}]}<\/script>\n<!-- \/ Yoast SEO plugin. -->","yoast_head_json":{"title":"Tudor P\u00e9lagos 2020 en titane - cadran bleu | Exel Watches - 3","description":"Tudor P\u00e9lagos en titane, (Ref. 25600TB-I922527), cadran bleu, mouvement automatique, ann\u00e9e 2020, avec bo\u00eete originale et avec garantie officielle","robots":{"index":"index","follow":"follow","max-snippet":"max-snippet:-1","max-image-preview":"max-image-preview:large","max-video-preview":"max-video-preview:-1"},"canonical":"https:\/\/exelwatches.com\/fr\/prodotto\/pelagos\/","og_locale":"fr_FR","og_type":"article","og_title":"Tudor P\u00e9lagos 2020 en titane - cadran bleu | Exel Watches - 3","og_description":"Tudor P\u00e9lagos en titane, (Ref. 25600TB-I922527), cadran bleu, mouvement automatique, ann\u00e9e 2020, avec bo\u00eete originale et avec garantie officielle","og_url":"https:\/\/exelwatches.com\/fr\/prodotto\/pelagos\/","og_site_name":"Exel Watches","article_publisher":"https:\/\/www.facebook.com\/profile.php?id=61566450137992","og_image":[{"width":2000,"height":2000,"url":"https:\/\/exelwatches.com\/wp-content\/uploads\/2026\/03\/EXELWATCHES_TUDOR_25600TB-I922527-01.webp","type":"image\/webp"}],"twitter_card":"summary_large_image","schema":{"@context":"https:\/\/schema.org","@graph":[{"@type":"WebPage","@id":"https:\/\/exelwatches.com\/fr\/prodotto\/pelagos\/","url":"https:\/\/exelwatches.com\/fr\/prodotto\/pelagos\/","name":"Tudor P\u00e9lagos 2020 en titane - cadran bleu | Exel Watches - 3","isPartOf":{"@id":"https:\/\/exelwatches.com\/fr\/#website"},"primaryImageOfPage":{"@id":"https:\/\/exelwatches.com\/fr\/prodotto\/pelagos\/#primaryimage"},"image":{"@id":"https:\/\/exelwatches.com\/fr\/prodotto\/pelagos\/#primaryimage"},"thumbnailUrl":"https:\/\/exelwatches.com\/wp-content\/uploads\/2026\/03\/EXELWATCHES_TUDOR_25600TB-I922527-01.webp","datePublished":"2026-03-11T11:21:19+00:00","description":"Tudor P\u00e9lagos en titane, (Ref. 25600TB-I922527), cadran bleu, mouvement automatique, ann\u00e9e 2020, avec bo\u00eete originale et avec garantie officielle","breadcrumb":{"@id":"https:\/\/exelwatches.com\/fr\/prodotto\/pelagos\/#breadcrumb"},"inLanguage":"fr-FR","potentialAction":[{"@type":"ReadAction","target":["https:\/\/exelwatches.com\/fr\/prodotto\/pelagos\/"]}]},{"@type":"ImageObject","inLanguage":"fr-FR","@id":"https:\/\/exelwatches.com\/fr\/prodotto\/pelagos\/#primaryimage","url":"https:\/\/exelwatches.com\/wp-content\/uploads\/2026\/03\/EXELWATCHES_TUDOR_25600TB-I922527-01.webp","contentUrl":"https:\/\/exelwatches.com\/wp-content\/uploads\/2026\/03\/EXELWATCHES_TUDOR_25600TB-I922527-01.webp","width":2000,"height":2000},{"@type":"BreadcrumbList","@id":"https:\/\/exelwatches.com\/fr\/prodotto\/pelagos\/#breadcrumb","itemListElement":[{"@type":"ListItem","position":1,"name":"Home","item":"https:\/\/exelwatches.com\/fr\/"},{"@type":"ListItem","position":2,"name":"Boutique","item":"https:\/\/exelwatches.com\/fr\/boutique\/"},{"@type":"ListItem","position":3,"name":"P\u00e9lagos"}]},{"@type":"WebSite","@id":"https:\/\/exelwatches.com\/fr\/#website","url":"https:\/\/exelwatches.com\/fr\/","name":"Exel Watches","description":"","publisher":{"@id":"https:\/\/exelwatches.com\/fr\/#organization"},"potentialAction":[{"@type":"SearchAction","target":{"@type":"EntryPoint","urlTemplate":"https:\/\/exelwatches.com\/fr\/?s={search_term_string}"},"query-input":{"@type":"PropertyValueSpecification","valueRequired":true,"valueName":"search_term_string"}}],"inLanguage":"fr-FR"},{"@type":"Organization","@id":"https:\/\/exelwatches.com\/fr\/#organization","name":"Exel Watches","url":"https:\/\/exelwatches.com\/fr\/","logo":{"@type":"ImageObject","inLanguage":"fr-FR","@id":"https:\/\/exelwatches.com\/fr\/#\/schema\/logo\/image\/","url":"https:\/\/exelwatches.com\/wp-content\/uploads\/2024\/12\/logo-exel.png","contentUrl":"https:\/\/exelwatches.com\/wp-content\/uploads\/2024\/12\/logo-exel.png","width":1500,"height":1222,"caption":"Exel Watches"},"image":{"@id":"https:\/\/exelwatches.com\/fr\/#\/schema\/logo\/image\/"},"sameAs":["https:\/\/www.facebook.com\/profile.php?id=61566450137992","https:\/\/www.instagram.com\/exelwatches\/"]}]}},"custom_brand":[{"id":1539,"name":"Tudor","slug":"tudor-fr"}],"custom_warehouse":"switzerland","_links":{"self":[{"href":"https:\/\/exelwatches.com\/fr\/wp-json\/wp\/v2\/product\/189663","targetHints":{"allow":["GET"]}}],"collection":[{"href":"https:\/\/exelwatches.com\/fr\/wp-json\/wp\/v2\/product"}],"about":[{"href":"https:\/\/exelwatches.com\/fr\/wp-json\/wp\/v2\/types\/product"}],"wp:featuredmedia":[{"embeddable":true,"href":"https:\/\/exelwatches.com\/fr\/wp-json\/wp\/v2\/media\/189664"}],"wp:attachment":[{"href":"https:\/\/exelwatches.com\/fr\/wp-json\/wp\/v2\/media?parent=189663"}],"wp:term":[{"taxonomy":"product_brand","embeddable":true,"href":"https:\/\/exelwatches.com\/fr\/wp-json\/wp\/v2\/product_brand?post=189663"},{"taxonomy":"product_cat","embeddable":true,"href":"https:\/\/exelwatches.com\/fr\/wp-json\/wp\/v2\/product_cat?post=189663"},{"taxonomy":"product_tag","embeddable":true,"href":"https:\/\/exelwatches.com\/fr\/wp-json\/wp\/v2\/product_tag?post=189663"}],"curies":[{"name":"wp","href":"https:\/\/api.w.org\/{rel}","templated":true}]}}