{"id":192470,"date":"2026-04-09T19:07:29","date_gmt":"2026-04-09T17:07:29","guid":{"rendered":"https:\/\/exelwatches.com\/prodotto\/explorer-ii-42\/"},"modified":"2026-04-09T19:07:46","modified_gmt":"2026-04-09T17:07:46","slug":"explorer-ii-42","status":"publish","type":"product","link":"https:\/\/exelwatches.com\/fr\/prodotto\/explorer-ii-42\/","title":{"rendered":"EXPLORER II 42"},"content":{"rendered":"<p>Tr\u00e8s bon (utilis\u00e9\/l\u00e9gers signes d&rsquo;usure et de d\u00e9chirure, l\u00e9g\u00e8res rayures)<\/p>\n","protected":false},"excerpt":{"rendered":"<p>Tr\u00e8s bon (utilis\u00e9\/l\u00e9gers signes d&rsquo;usure et de d\u00e9chirure, l\u00e9g\u00e8res rayures)<\/p>\n","protected":false},"featured_media":192471,"template":"","meta":{"_acf_changed":false,"inline_featured_image":false},"product_brand":[],"product_cat":[1508,1507],"product_tag":[],"class_list":{"0":"post-192470","1":"product","2":"type-product","3":"status-publish","4":"has-post-thumbnail","6":"product_cat-horloge","7":"product_cat-montres","8":"pa_garanzia-ufficiale-oui","9":"pa_materiale-cassa-acier","10":"pa_scatola-originale-oui","11":"pa_tipo-carica-automatique","12":"pa_tipo-quadrante-blanc","13":"brand-rolex-fr","14":"model-explorateur","16":"first","17":"instock","18":"purchasable","19":"product-type-simple"},"acf":[],"yoast_head":"<!-- This site is optimized with the Yoast SEO plugin v27.3 - https:\/\/yoast.com\/product\/yoast-seo-wordpress\/ -->\n<title>Rolex Explorer Ii 42 2019 en acier - cadran blanc - 3<\/title>\n<meta name=\"description\" content=\"Rolex Explorer Ii 42 en acier, (Ref. 216570-C89999C6), cadran blanc, mouvement automatique, ann\u00e9e 2019, avec bo\u00eete originale et avec garantie officielle\" \/>\n<meta name=\"robots\" content=\"index, follow, max-snippet:-1, max-image-preview:large, max-video-preview:-1\" \/>\n<link rel=\"canonical\" href=\"https:\/\/exelwatches.com\/fr\/prodotto\/explorer-ii-42\/\" \/>\n<meta property=\"og:locale\" content=\"fr_FR\" \/>\n<meta property=\"og:type\" content=\"article\" \/>\n<meta property=\"og:title\" content=\"Rolex Explorer Ii 42 2019 en acier - cadran blanc - 3\" \/>\n<meta property=\"og:description\" content=\"Rolex Explorer Ii 42 en acier, (Ref. 216570-C89999C6), cadran blanc, mouvement automatique, ann\u00e9e 2019, avec bo\u00eete originale et avec garantie officielle\" \/>\n<meta property=\"og:url\" content=\"https:\/\/exelwatches.com\/fr\/prodotto\/explorer-ii-42\/\" \/>\n<meta property=\"og:site_name\" content=\"Exel Watches\" \/>\n<meta property=\"article:publisher\" content=\"https:\/\/www.facebook.com\/profile.php?id=61566450137992\" \/>\n<meta property=\"article:modified_time\" content=\"2026-04-09T17:07:46+00:00\" \/>\n<meta property=\"og:image\" content=\"https:\/\/exelwatches.com\/wp-content\/uploads\/2026\/04\/EXELWATCHES_ROLEX_216570-C89999C6-01.webp\" \/>\n\t<meta property=\"og:image:width\" content=\"2000\" \/>\n\t<meta property=\"og:image:height\" content=\"2000\" \/>\n\t<meta property=\"og:image:type\" content=\"image\/webp\" \/>\n<meta name=\"twitter:card\" content=\"summary_large_image\" \/>\n<script type=\"application\/ld+json\" class=\"yoast-schema-graph\">{\"@context\":\"https:\\\/\\\/schema.org\",\"@graph\":[{\"@type\":\"WebPage\",\"@id\":\"https:\\\/\\\/exelwatches.com\\\/fr\\\/prodotto\\\/explorer-ii-42\\\/\",\"url\":\"https:\\\/\\\/exelwatches.com\\\/fr\\\/prodotto\\\/explorer-ii-42\\\/\",\"name\":\"Rolex Explorer Ii 42 2019 en acier - cadran blanc - 3\",\"isPartOf\":{\"@id\":\"https:\\\/\\\/exelwatches.com\\\/fr\\\/#website\"},\"primaryImageOfPage\":{\"@id\":\"https:\\\/\\\/exelwatches.com\\\/fr\\\/prodotto\\\/explorer-ii-42\\\/#primaryimage\"},\"image\":{\"@id\":\"https:\\\/\\\/exelwatches.com\\\/fr\\\/prodotto\\\/explorer-ii-42\\\/#primaryimage\"},\"thumbnailUrl\":\"https:\\\/\\\/exelwatches.com\\\/wp-content\\\/uploads\\\/2026\\\/04\\\/EXELWATCHES_ROLEX_216570-C89999C6-01.webp\",\"datePublished\":\"2026-04-09T17:07:29+00:00\",\"dateModified\":\"2026-04-09T17:07:46+00:00\",\"description\":\"Rolex Explorer Ii 42 en acier, (Ref. 216570-C89999C6), cadran blanc, mouvement automatique, ann\u00e9e 2019, avec bo\u00eete originale et avec garantie officielle\",\"breadcrumb\":{\"@id\":\"https:\\\/\\\/exelwatches.com\\\/fr\\\/prodotto\\\/explorer-ii-42\\\/#breadcrumb\"},\"inLanguage\":\"fr-FR\",\"potentialAction\":[{\"@type\":\"ReadAction\",\"target\":[\"https:\\\/\\\/exelwatches.com\\\/fr\\\/prodotto\\\/explorer-ii-42\\\/\"]}]},{\"@type\":\"ImageObject\",\"inLanguage\":\"fr-FR\",\"@id\":\"https:\\\/\\\/exelwatches.com\\\/fr\\\/prodotto\\\/explorer-ii-42\\\/#primaryimage\",\"url\":\"https:\\\/\\\/exelwatches.com\\\/wp-content\\\/uploads\\\/2026\\\/04\\\/EXELWATCHES_ROLEX_216570-C89999C6-01.webp\",\"contentUrl\":\"https:\\\/\\\/exelwatches.com\\\/wp-content\\\/uploads\\\/2026\\\/04\\\/EXELWATCHES_ROLEX_216570-C89999C6-01.webp\",\"width\":2000,\"height\":2000},{\"@type\":\"BreadcrumbList\",\"@id\":\"https:\\\/\\\/exelwatches.com\\\/fr\\\/prodotto\\\/explorer-ii-42\\\/#breadcrumb\",\"itemListElement\":[{\"@type\":\"ListItem\",\"position\":1,\"name\":\"Home\",\"item\":\"https:\\\/\\\/exelwatches.com\\\/fr\\\/\"},{\"@type\":\"ListItem\",\"position\":2,\"name\":\"Boutique\",\"item\":\"https:\\\/\\\/exelwatches.com\\\/fr\\\/boutique\\\/\"},{\"@type\":\"ListItem\",\"position\":3,\"name\":\"EXPLORER II 42\"}]},{\"@type\":\"WebSite\",\"@id\":\"https:\\\/\\\/exelwatches.com\\\/fr\\\/#website\",\"url\":\"https:\\\/\\\/exelwatches.com\\\/fr\\\/\",\"name\":\"Exel Watches\",\"description\":\"\",\"publisher\":{\"@id\":\"https:\\\/\\\/exelwatches.com\\\/fr\\\/#organization\"},\"potentialAction\":[{\"@type\":\"SearchAction\",\"target\":{\"@type\":\"EntryPoint\",\"urlTemplate\":\"https:\\\/\\\/exelwatches.com\\\/fr\\\/?s={search_term_string}\"},\"query-input\":{\"@type\":\"PropertyValueSpecification\",\"valueRequired\":true,\"valueName\":\"search_term_string\"}}],\"inLanguage\":\"fr-FR\"},{\"@type\":\"Organization\",\"@id\":\"https:\\\/\\\/exelwatches.com\\\/fr\\\/#organization\",\"name\":\"Exel Watches\",\"url\":\"https:\\\/\\\/exelwatches.com\\\/fr\\\/\",\"logo\":{\"@type\":\"ImageObject\",\"inLanguage\":\"fr-FR\",\"@id\":\"https:\\\/\\\/exelwatches.com\\\/fr\\\/#\\\/schema\\\/logo\\\/image\\\/\",\"url\":\"https:\\\/\\\/exelwatches.com\\\/wp-content\\\/uploads\\\/2024\\\/12\\\/logo-exel.png\",\"contentUrl\":\"https:\\\/\\\/exelwatches.com\\\/wp-content\\\/uploads\\\/2024\\\/12\\\/logo-exel.png\",\"width\":1500,\"height\":1222,\"caption\":\"Exel Watches\"},\"image\":{\"@id\":\"https:\\\/\\\/exelwatches.com\\\/fr\\\/#\\\/schema\\\/logo\\\/image\\\/\"},\"sameAs\":[\"https:\\\/\\\/www.facebook.com\\\/profile.php?id=61566450137992\",\"https:\\\/\\\/www.instagram.com\\\/exelwatches\\\/\"]}]}<\/script>\n<!-- \/ Yoast SEO plugin. -->","yoast_head_json":{"title":"Rolex Explorer Ii 42 2019 en acier - cadran blanc - 3","description":"Rolex Explorer Ii 42 en acier, (Ref. 216570-C89999C6), cadran blanc, mouvement automatique, ann\u00e9e 2019, avec bo\u00eete originale et avec garantie officielle","robots":{"index":"index","follow":"follow","max-snippet":"max-snippet:-1","max-image-preview":"max-image-preview:large","max-video-preview":"max-video-preview:-1"},"canonical":"https:\/\/exelwatches.com\/fr\/prodotto\/explorer-ii-42\/","og_locale":"fr_FR","og_type":"article","og_title":"Rolex Explorer Ii 42 2019 en acier - cadran blanc - 3","og_description":"Rolex Explorer Ii 42 en acier, (Ref. 216570-C89999C6), cadran blanc, mouvement automatique, ann\u00e9e 2019, avec bo\u00eete originale et avec garantie officielle","og_url":"https:\/\/exelwatches.com\/fr\/prodotto\/explorer-ii-42\/","og_site_name":"Exel Watches","article_publisher":"https:\/\/www.facebook.com\/profile.php?id=61566450137992","article_modified_time":"2026-04-09T17:07:46+00:00","og_image":[{"width":2000,"height":2000,"url":"https:\/\/exelwatches.com\/wp-content\/uploads\/2026\/04\/EXELWATCHES_ROLEX_216570-C89999C6-01.webp","type":"image\/webp"}],"twitter_card":"summary_large_image","schema":{"@context":"https:\/\/schema.org","@graph":[{"@type":"WebPage","@id":"https:\/\/exelwatches.com\/fr\/prodotto\/explorer-ii-42\/","url":"https:\/\/exelwatches.com\/fr\/prodotto\/explorer-ii-42\/","name":"Rolex Explorer Ii 42 2019 en acier - cadran blanc - 3","isPartOf":{"@id":"https:\/\/exelwatches.com\/fr\/#website"},"primaryImageOfPage":{"@id":"https:\/\/exelwatches.com\/fr\/prodotto\/explorer-ii-42\/#primaryimage"},"image":{"@id":"https:\/\/exelwatches.com\/fr\/prodotto\/explorer-ii-42\/#primaryimage"},"thumbnailUrl":"https:\/\/exelwatches.com\/wp-content\/uploads\/2026\/04\/EXELWATCHES_ROLEX_216570-C89999C6-01.webp","datePublished":"2026-04-09T17:07:29+00:00","dateModified":"2026-04-09T17:07:46+00:00","description":"Rolex Explorer Ii 42 en acier, (Ref. 216570-C89999C6), cadran blanc, mouvement automatique, ann\u00e9e 2019, avec bo\u00eete originale et avec garantie officielle","breadcrumb":{"@id":"https:\/\/exelwatches.com\/fr\/prodotto\/explorer-ii-42\/#breadcrumb"},"inLanguage":"fr-FR","potentialAction":[{"@type":"ReadAction","target":["https:\/\/exelwatches.com\/fr\/prodotto\/explorer-ii-42\/"]}]},{"@type":"ImageObject","inLanguage":"fr-FR","@id":"https:\/\/exelwatches.com\/fr\/prodotto\/explorer-ii-42\/#primaryimage","url":"https:\/\/exelwatches.com\/wp-content\/uploads\/2026\/04\/EXELWATCHES_ROLEX_216570-C89999C6-01.webp","contentUrl":"https:\/\/exelwatches.com\/wp-content\/uploads\/2026\/04\/EXELWATCHES_ROLEX_216570-C89999C6-01.webp","width":2000,"height":2000},{"@type":"BreadcrumbList","@id":"https:\/\/exelwatches.com\/fr\/prodotto\/explorer-ii-42\/#breadcrumb","itemListElement":[{"@type":"ListItem","position":1,"name":"Home","item":"https:\/\/exelwatches.com\/fr\/"},{"@type":"ListItem","position":2,"name":"Boutique","item":"https:\/\/exelwatches.com\/fr\/boutique\/"},{"@type":"ListItem","position":3,"name":"EXPLORER II 42"}]},{"@type":"WebSite","@id":"https:\/\/exelwatches.com\/fr\/#website","url":"https:\/\/exelwatches.com\/fr\/","name":"Exel Watches","description":"","publisher":{"@id":"https:\/\/exelwatches.com\/fr\/#organization"},"potentialAction":[{"@type":"SearchAction","target":{"@type":"EntryPoint","urlTemplate":"https:\/\/exelwatches.com\/fr\/?s={search_term_string}"},"query-input":{"@type":"PropertyValueSpecification","valueRequired":true,"valueName":"search_term_string"}}],"inLanguage":"fr-FR"},{"@type":"Organization","@id":"https:\/\/exelwatches.com\/fr\/#organization","name":"Exel Watches","url":"https:\/\/exelwatches.com\/fr\/","logo":{"@type":"ImageObject","inLanguage":"fr-FR","@id":"https:\/\/exelwatches.com\/fr\/#\/schema\/logo\/image\/","url":"https:\/\/exelwatches.com\/wp-content\/uploads\/2024\/12\/logo-exel.png","contentUrl":"https:\/\/exelwatches.com\/wp-content\/uploads\/2024\/12\/logo-exel.png","width":1500,"height":1222,"caption":"Exel Watches"},"image":{"@id":"https:\/\/exelwatches.com\/fr\/#\/schema\/logo\/image\/"},"sameAs":["https:\/\/www.facebook.com\/profile.php?id=61566450137992","https:\/\/www.instagram.com\/exelwatches\/"]}]}},"custom_brand":[{"id":1570,"name":"Rolex","slug":"rolex-fr"}],"custom_warehouse":"san-marino","_links":{"self":[{"href":"https:\/\/exelwatches.com\/fr\/wp-json\/wp\/v2\/product\/192470","targetHints":{"allow":["GET"]}}],"collection":[{"href":"https:\/\/exelwatches.com\/fr\/wp-json\/wp\/v2\/product"}],"about":[{"href":"https:\/\/exelwatches.com\/fr\/wp-json\/wp\/v2\/types\/product"}],"wp:featuredmedia":[{"embeddable":true,"href":"https:\/\/exelwatches.com\/fr\/wp-json\/wp\/v2\/media\/192471"}],"wp:attachment":[{"href":"https:\/\/exelwatches.com\/fr\/wp-json\/wp\/v2\/media?parent=192470"}],"wp:term":[{"taxonomy":"product_brand","embeddable":true,"href":"https:\/\/exelwatches.com\/fr\/wp-json\/wp\/v2\/product_brand?post=192470"},{"taxonomy":"product_cat","embeddable":true,"href":"https:\/\/exelwatches.com\/fr\/wp-json\/wp\/v2\/product_cat?post=192470"},{"taxonomy":"product_tag","embeddable":true,"href":"https:\/\/exelwatches.com\/fr\/wp-json\/wp\/v2\/product_tag?post=192470"}],"curies":[{"name":"wp","href":"https:\/\/api.w.org\/{rel}","templated":true}]}}