{"id":69511,"date":"2025-04-12T15:18:58","date_gmt":"2025-04-12T13:18:58","guid":{"rendered":"https:\/\/exelwatches.com\/prodotto\/tank-solo-avec-personnalisation-en-diamants-naturels\/"},"modified":"2025-12-18T14:53:02","modified_gmt":"2025-12-18T13:53:02","slug":"tank-solo-avec-personnalisation-en-diamants-naturels","status":"publish","type":"product","link":"https:\/\/exelwatches.com\/fr\/prodotto\/tank-solo-avec-personnalisation-en-diamants-naturels\/","title":{"rendered":"TANK SOLO avec personnalisation en diamants naturels"},"content":{"rendered":"<p>Tr\u00e8s bon (utilis\u00e9\/l\u00e9gers signes d&rsquo;usure et de d\u00e9chirure, l\u00e9g\u00e8res rayures)<\/p>\n","protected":false},"excerpt":{"rendered":"<p>Tr\u00e8s bon (utilis\u00e9\/l\u00e9gers signes d&rsquo;usure et de d\u00e9chirure, l\u00e9g\u00e8res rayures)<\/p>\n","protected":false},"featured_media":69472,"template":"","meta":{"_acf_changed":false,"inline_featured_image":false},"product_brand":[],"product_cat":[1508,1507],"product_tag":[],"class_list":{"0":"post-69511","1":"product","2":"type-product","3":"status-publish","4":"has-post-thumbnail","6":"product_cat-horloge","7":"product_cat-montres","8":"pa_garanzia-ufficiale-non","9":"pa_materiale-cassa-acier","10":"pa_scatola-originale-oui","11":"pa_tipo-carica-quartz-fr-2","12":"pa_tipo-quadrante-rose","13":"brand-cartier-fr","14":"model-reservoir","16":"first","17":"instock","18":"purchasable","19":"product-type-simple"},"acf":[],"yoast_head":"<!-- This site is optimized with the Yoast SEO plugin v27.3 - https:\/\/yoast.com\/product\/yoast-seo-wordpress\/ -->\n<title>Cartier Tank Solo Avec Personnalisation En Diamants Naturels en acier - cadran rose<\/title>\n<meta name=\"description\" content=\"Cartier Tank Solo Avec Personnalisation En Diamants Naturels en acier, (Ref. W5200000-535718UX), cadran rose, mouvement quartz, avec bo\u00eete originale\" \/>\n<meta name=\"robots\" content=\"index, follow, max-snippet:-1, max-image-preview:large, max-video-preview:-1\" \/>\n<link rel=\"canonical\" href=\"https:\/\/exelwatches.com\/fr\/prodotto\/tank-solo-avec-personnalisation-en-diamants-naturels\/\" \/>\n<meta property=\"og:locale\" content=\"fr_FR\" \/>\n<meta property=\"og:type\" content=\"article\" \/>\n<meta property=\"og:title\" content=\"Cartier Tank Solo Avec Personnalisation En Diamants Naturels en acier - cadran rose\" \/>\n<meta property=\"og:description\" content=\"Cartier Tank Solo Avec Personnalisation En Diamants Naturels en acier, (Ref. W5200000-535718UX), cadran rose, mouvement quartz, avec bo\u00eete originale\" \/>\n<meta property=\"og:url\" content=\"https:\/\/exelwatches.com\/fr\/prodotto\/tank-solo-avec-personnalisation-en-diamants-naturels\/\" \/>\n<meta property=\"og:site_name\" content=\"Exel Watches\" \/>\n<meta property=\"article:publisher\" content=\"https:\/\/www.facebook.com\/profile.php?id=61566450137992\" \/>\n<meta property=\"article:modified_time\" content=\"2025-12-18T13:53:02+00:00\" \/>\n<meta property=\"og:image\" content=\"https:\/\/exelwatches.com\/wp-content\/uploads\/2025\/04\/W5200000-535718UX-01.jpg\" \/>\n\t<meta property=\"og:image:width\" content=\"1280\" \/>\n\t<meta property=\"og:image:height\" content=\"1280\" \/>\n\t<meta property=\"og:image:type\" content=\"image\/jpeg\" \/>\n<meta name=\"twitter:card\" content=\"summary_large_image\" \/>\n<script type=\"application\/ld+json\" class=\"yoast-schema-graph\">{\"@context\":\"https:\\\/\\\/schema.org\",\"@graph\":[{\"@type\":\"WebPage\",\"@id\":\"https:\\\/\\\/exelwatches.com\\\/fr\\\/prodotto\\\/tank-solo-avec-personnalisation-en-diamants-naturels\\\/\",\"url\":\"https:\\\/\\\/exelwatches.com\\\/fr\\\/prodotto\\\/tank-solo-avec-personnalisation-en-diamants-naturels\\\/\",\"name\":\"Cartier Tank Solo Avec Personnalisation En Diamants Naturels en acier - cadran rose\",\"isPartOf\":{\"@id\":\"https:\\\/\\\/exelwatches.com\\\/fr\\\/#website\"},\"primaryImageOfPage\":{\"@id\":\"https:\\\/\\\/exelwatches.com\\\/fr\\\/prodotto\\\/tank-solo-avec-personnalisation-en-diamants-naturels\\\/#primaryimage\"},\"image\":{\"@id\":\"https:\\\/\\\/exelwatches.com\\\/fr\\\/prodotto\\\/tank-solo-avec-personnalisation-en-diamants-naturels\\\/#primaryimage\"},\"thumbnailUrl\":\"https:\\\/\\\/exelwatches.com\\\/wp-content\\\/uploads\\\/2025\\\/04\\\/W5200000-535718UX-01.jpg\",\"datePublished\":\"2025-04-12T13:18:58+00:00\",\"dateModified\":\"2025-12-18T13:53:02+00:00\",\"description\":\"Cartier Tank Solo Avec Personnalisation En Diamants Naturels en acier, (Ref. W5200000-535718UX), cadran rose, mouvement quartz, avec bo\u00eete originale\",\"breadcrumb\":{\"@id\":\"https:\\\/\\\/exelwatches.com\\\/fr\\\/prodotto\\\/tank-solo-avec-personnalisation-en-diamants-naturels\\\/#breadcrumb\"},\"inLanguage\":\"fr-FR\",\"potentialAction\":[{\"@type\":\"ReadAction\",\"target\":[\"https:\\\/\\\/exelwatches.com\\\/fr\\\/prodotto\\\/tank-solo-avec-personnalisation-en-diamants-naturels\\\/\"]}]},{\"@type\":\"ImageObject\",\"inLanguage\":\"fr-FR\",\"@id\":\"https:\\\/\\\/exelwatches.com\\\/fr\\\/prodotto\\\/tank-solo-avec-personnalisation-en-diamants-naturels\\\/#primaryimage\",\"url\":\"https:\\\/\\\/exelwatches.com\\\/wp-content\\\/uploads\\\/2025\\\/04\\\/W5200000-535718UX-01.jpg\",\"contentUrl\":\"https:\\\/\\\/exelwatches.com\\\/wp-content\\\/uploads\\\/2025\\\/04\\\/W5200000-535718UX-01.jpg\",\"width\":1280,\"height\":1280},{\"@type\":\"BreadcrumbList\",\"@id\":\"https:\\\/\\\/exelwatches.com\\\/fr\\\/prodotto\\\/tank-solo-avec-personnalisation-en-diamants-naturels\\\/#breadcrumb\",\"itemListElement\":[{\"@type\":\"ListItem\",\"position\":1,\"name\":\"Home\",\"item\":\"https:\\\/\\\/exelwatches.com\\\/fr\\\/\"},{\"@type\":\"ListItem\",\"position\":2,\"name\":\"Boutique\",\"item\":\"https:\\\/\\\/exelwatches.com\\\/fr\\\/boutique\\\/\"},{\"@type\":\"ListItem\",\"position\":3,\"name\":\"TANK SOLO avec personnalisation en diamants naturels\"}]},{\"@type\":\"WebSite\",\"@id\":\"https:\\\/\\\/exelwatches.com\\\/fr\\\/#website\",\"url\":\"https:\\\/\\\/exelwatches.com\\\/fr\\\/\",\"name\":\"Exel Watches\",\"description\":\"\",\"publisher\":{\"@id\":\"https:\\\/\\\/exelwatches.com\\\/fr\\\/#organization\"},\"potentialAction\":[{\"@type\":\"SearchAction\",\"target\":{\"@type\":\"EntryPoint\",\"urlTemplate\":\"https:\\\/\\\/exelwatches.com\\\/fr\\\/?s={search_term_string}\"},\"query-input\":{\"@type\":\"PropertyValueSpecification\",\"valueRequired\":true,\"valueName\":\"search_term_string\"}}],\"inLanguage\":\"fr-FR\"},{\"@type\":\"Organization\",\"@id\":\"https:\\\/\\\/exelwatches.com\\\/fr\\\/#organization\",\"name\":\"Exel Watches\",\"url\":\"https:\\\/\\\/exelwatches.com\\\/fr\\\/\",\"logo\":{\"@type\":\"ImageObject\",\"inLanguage\":\"fr-FR\",\"@id\":\"https:\\\/\\\/exelwatches.com\\\/fr\\\/#\\\/schema\\\/logo\\\/image\\\/\",\"url\":\"https:\\\/\\\/exelwatches.com\\\/wp-content\\\/uploads\\\/2024\\\/12\\\/logo-exel.png\",\"contentUrl\":\"https:\\\/\\\/exelwatches.com\\\/wp-content\\\/uploads\\\/2024\\\/12\\\/logo-exel.png\",\"width\":1500,\"height\":1222,\"caption\":\"Exel Watches\"},\"image\":{\"@id\":\"https:\\\/\\\/exelwatches.com\\\/fr\\\/#\\\/schema\\\/logo\\\/image\\\/\"},\"sameAs\":[\"https:\\\/\\\/www.facebook.com\\\/profile.php?id=61566450137992\",\"https:\\\/\\\/www.instagram.com\\\/exelwatches\\\/\"]}]}<\/script>\n<!-- \/ Yoast SEO plugin. -->","yoast_head_json":{"title":"Cartier Tank Solo Avec Personnalisation En Diamants Naturels en acier - cadran rose","description":"Cartier Tank Solo Avec Personnalisation En Diamants Naturels en acier, (Ref. W5200000-535718UX), cadran rose, mouvement quartz, avec bo\u00eete originale","robots":{"index":"index","follow":"follow","max-snippet":"max-snippet:-1","max-image-preview":"max-image-preview:large","max-video-preview":"max-video-preview:-1"},"canonical":"https:\/\/exelwatches.com\/fr\/prodotto\/tank-solo-avec-personnalisation-en-diamants-naturels\/","og_locale":"fr_FR","og_type":"article","og_title":"Cartier Tank Solo Avec Personnalisation En Diamants Naturels en acier - cadran rose","og_description":"Cartier Tank Solo Avec Personnalisation En Diamants Naturels en acier, (Ref. W5200000-535718UX), cadran rose, mouvement quartz, avec bo\u00eete originale","og_url":"https:\/\/exelwatches.com\/fr\/prodotto\/tank-solo-avec-personnalisation-en-diamants-naturels\/","og_site_name":"Exel Watches","article_publisher":"https:\/\/www.facebook.com\/profile.php?id=61566450137992","article_modified_time":"2025-12-18T13:53:02+00:00","og_image":[{"width":1280,"height":1280,"url":"https:\/\/exelwatches.com\/wp-content\/uploads\/2025\/04\/W5200000-535718UX-01.jpg","type":"image\/jpeg"}],"twitter_card":"summary_large_image","schema":{"@context":"https:\/\/schema.org","@graph":[{"@type":"WebPage","@id":"https:\/\/exelwatches.com\/fr\/prodotto\/tank-solo-avec-personnalisation-en-diamants-naturels\/","url":"https:\/\/exelwatches.com\/fr\/prodotto\/tank-solo-avec-personnalisation-en-diamants-naturels\/","name":"Cartier Tank Solo Avec Personnalisation En Diamants Naturels en acier - cadran rose","isPartOf":{"@id":"https:\/\/exelwatches.com\/fr\/#website"},"primaryImageOfPage":{"@id":"https:\/\/exelwatches.com\/fr\/prodotto\/tank-solo-avec-personnalisation-en-diamants-naturels\/#primaryimage"},"image":{"@id":"https:\/\/exelwatches.com\/fr\/prodotto\/tank-solo-avec-personnalisation-en-diamants-naturels\/#primaryimage"},"thumbnailUrl":"https:\/\/exelwatches.com\/wp-content\/uploads\/2025\/04\/W5200000-535718UX-01.jpg","datePublished":"2025-04-12T13:18:58+00:00","dateModified":"2025-12-18T13:53:02+00:00","description":"Cartier Tank Solo Avec Personnalisation En Diamants Naturels en acier, (Ref. W5200000-535718UX), cadran rose, mouvement quartz, avec bo\u00eete originale","breadcrumb":{"@id":"https:\/\/exelwatches.com\/fr\/prodotto\/tank-solo-avec-personnalisation-en-diamants-naturels\/#breadcrumb"},"inLanguage":"fr-FR","potentialAction":[{"@type":"ReadAction","target":["https:\/\/exelwatches.com\/fr\/prodotto\/tank-solo-avec-personnalisation-en-diamants-naturels\/"]}]},{"@type":"ImageObject","inLanguage":"fr-FR","@id":"https:\/\/exelwatches.com\/fr\/prodotto\/tank-solo-avec-personnalisation-en-diamants-naturels\/#primaryimage","url":"https:\/\/exelwatches.com\/wp-content\/uploads\/2025\/04\/W5200000-535718UX-01.jpg","contentUrl":"https:\/\/exelwatches.com\/wp-content\/uploads\/2025\/04\/W5200000-535718UX-01.jpg","width":1280,"height":1280},{"@type":"BreadcrumbList","@id":"https:\/\/exelwatches.com\/fr\/prodotto\/tank-solo-avec-personnalisation-en-diamants-naturels\/#breadcrumb","itemListElement":[{"@type":"ListItem","position":1,"name":"Home","item":"https:\/\/exelwatches.com\/fr\/"},{"@type":"ListItem","position":2,"name":"Boutique","item":"https:\/\/exelwatches.com\/fr\/boutique\/"},{"@type":"ListItem","position":3,"name":"TANK SOLO avec personnalisation en diamants naturels"}]},{"@type":"WebSite","@id":"https:\/\/exelwatches.com\/fr\/#website","url":"https:\/\/exelwatches.com\/fr\/","name":"Exel Watches","description":"","publisher":{"@id":"https:\/\/exelwatches.com\/fr\/#organization"},"potentialAction":[{"@type":"SearchAction","target":{"@type":"EntryPoint","urlTemplate":"https:\/\/exelwatches.com\/fr\/?s={search_term_string}"},"query-input":{"@type":"PropertyValueSpecification","valueRequired":true,"valueName":"search_term_string"}}],"inLanguage":"fr-FR"},{"@type":"Organization","@id":"https:\/\/exelwatches.com\/fr\/#organization","name":"Exel Watches","url":"https:\/\/exelwatches.com\/fr\/","logo":{"@type":"ImageObject","inLanguage":"fr-FR","@id":"https:\/\/exelwatches.com\/fr\/#\/schema\/logo\/image\/","url":"https:\/\/exelwatches.com\/wp-content\/uploads\/2024\/12\/logo-exel.png","contentUrl":"https:\/\/exelwatches.com\/wp-content\/uploads\/2024\/12\/logo-exel.png","width":1500,"height":1222,"caption":"Exel Watches"},"image":{"@id":"https:\/\/exelwatches.com\/fr\/#\/schema\/logo\/image\/"},"sameAs":["https:\/\/www.facebook.com\/profile.php?id=61566450137992","https:\/\/www.instagram.com\/exelwatches\/"]}]}},"custom_brand":[{"id":1522,"name":"Cartier","slug":"cartier-fr"}],"custom_warehouse":"san-marino","_links":{"self":[{"href":"https:\/\/exelwatches.com\/fr\/wp-json\/wp\/v2\/product\/69511","targetHints":{"allow":["GET"]}}],"collection":[{"href":"https:\/\/exelwatches.com\/fr\/wp-json\/wp\/v2\/product"}],"about":[{"href":"https:\/\/exelwatches.com\/fr\/wp-json\/wp\/v2\/types\/product"}],"wp:featuredmedia":[{"embeddable":true,"href":"https:\/\/exelwatches.com\/fr\/wp-json\/wp\/v2\/media\/69472"}],"wp:attachment":[{"href":"https:\/\/exelwatches.com\/fr\/wp-json\/wp\/v2\/media?parent=69511"}],"wp:term":[{"taxonomy":"product_brand","embeddable":true,"href":"https:\/\/exelwatches.com\/fr\/wp-json\/wp\/v2\/product_brand?post=69511"},{"taxonomy":"product_cat","embeddable":true,"href":"https:\/\/exelwatches.com\/fr\/wp-json\/wp\/v2\/product_cat?post=69511"},{"taxonomy":"product_tag","embeddable":true,"href":"https:\/\/exelwatches.com\/fr\/wp-json\/wp\/v2\/product_tag?post=69511"}],"curies":[{"name":"wp","href":"https:\/\/api.w.org\/{rel}","templated":true}]}}